{"id":10,"date":"2023-03-28T21:10:18","date_gmt":"2023-03-28T19:10:18","guid":{"rendered":"http:\/\/jocelyne-sephord.fr\/?page_id=10"},"modified":"2023-04-24T19:21:09","modified_gmt":"2023-04-24T17:21:09","slug":"accueil","status":"publish","type":"page","link":"https:\/\/jocelyne-sephord.fr\/","title":{"rendered":"La r\u00e9\u00e9ducation vocale"},"content":{"rendered":"\n<div class=\"wp-block-group\"><div class=\"wp-block-group__inner-container is-layout-constrained wp-block-group-is-layout-constrained\">\n<div class=\"wp-block-group\"><div class=\"wp-block-group__inner-container is-layout-constrained wp-block-group-is-layout-constrained\">\n<div class=\"wp-block-group has-small-font-size\"><div class=\"wp-block-group__inner-container is-layout-constrained wp-block-group-is-layout-constrained\">\n<p class=\"has-text-align-center has-larger-font-size\"><strong>Jocelyne S\u00e9phord<\/strong><\/p>\n\n\n\n<div class=\"wp-block-buttons is-content-justification-center is-layout-flex wp-container-core-buttons-is-layout-16018d1d wp-block-buttons-is-layout-flex\">\n<div class=\"wp-block-button\"><a class=\"wp-block-button__link has-primary-color has-text-color has-background has-text-align-center wp-element-button\" style=\"background-color:#f2a730\"> Orthophoniste<\/a><\/div>\n<\/div>\n\n\n\n<div class=\"wp-block-group\"><div class=\"wp-block-group__inner-container is-layout-constrained wp-block-group-is-layout-constrained\">\n<p class=\"has-text-align-center has-normal-font-size\"><strong>83, All\u00e9e des \u00c9cureuils<\/strong><br><strong>34 980 St Cl\u00e9ment de Rivi\u00e8re<\/strong><br><strong>06 28 35 82 71<\/strong><\/p>\n<\/div><\/div>\n<\/div><\/div>\n<\/div><\/div>\n<\/div><\/div>\n\n\n\n<p class=\"has-text-align-center has-small-font-size\"><a href=\"mailto:sephord@gmail.com\"><strong>sephord@gmail.com<\/strong><\/a><\/p>\n\n\n\n<h6 class=\"wp-block-heading has-text-align-center\">\u00c0 propos de moi<\/h6>\n\n\n<div class=\"wp-block-image\">\n<figure class=\"aligncenter size-full\"><img loading=\"lazy\" decoding=\"async\" width=\"1024\" height=\"574\" src=\"https:\/\/jocelyne-sephord.fr\/wp-content\/uploads\/Jocelyne3.jpg\" alt=\"\" class=\"wp-image-445\" srcset=\"https:\/\/jocelyne-sephord.fr\/wp-content\/uploads\/Jocelyne3.jpg 1024w, https:\/\/jocelyne-sephord.fr\/wp-content\/uploads\/Jocelyne3-300x168.jpg 300w, https:\/\/jocelyne-sephord.fr\/wp-content\/uploads\/Jocelyne3-768x431.jpg 768w\" sizes=\"auto, (max-width: 1024px) 100vw, 1024px\" \/><\/figure>\n<\/div>\n\n\n<blockquote class=\"wp-block-quote is-style-default is-layout-flow wp-block-quote-is-layout-flow\" style=\"font-style:normal;font-weight:100\">\n<p>Orthophoniste <strong>dipl\u00f4m\u00e9e \u00e0 Montpellier<\/strong> depuis 2008.<br>D\u00e9j\u00e0 avant d\u2019exercer ce m\u00e9tier, la voix me fascinait et j\u2019avais suivi 3 ans de formation de jazz vocal au JAM (\u00e9cole r\u00e9gionale de musique jazz et musiques actuelles de Montpellier). Puis j&rsquo;ai continu\u00e9 avec des cours particuliers de chant de diverses techniques.<\/p>\n<\/blockquote>\n\n\n\n<h6 class=\"wp-block-heading has-text-align-center\">Les r\u00e9\u00e9ducations vocales, <\/h6>\n\n\n\n<h6 class=\"wp-block-heading has-text-align-center\">Pour qui&nbsp;? Pourquoi&nbsp;?<\/h6>\n\n\n<div class=\"wp-block-image wp-duotone-unset-1\">\n<figure class=\"aligncenter size-large is-resized\"><img loading=\"lazy\" decoding=\"async\" src=\"https:\/\/jocelyne-sephord.fr\/wp-content\/uploads\/vue-face-homme-crie-parce-qu-il-mal-gorge-1024x683.jpg\" alt=\"\" class=\"wp-image-351\" width=\"605\" height=\"403\" srcset=\"https:\/\/jocelyne-sephord.fr\/wp-content\/uploads\/vue-face-homme-crie-parce-qu-il-mal-gorge-1024x683.jpg 1024w, https:\/\/jocelyne-sephord.fr\/wp-content\/uploads\/vue-face-homme-crie-parce-qu-il-mal-gorge-300x200.jpg 300w, https:\/\/jocelyne-sephord.fr\/wp-content\/uploads\/vue-face-homme-crie-parce-qu-il-mal-gorge-768x512.jpg 768w, https:\/\/jocelyne-sephord.fr\/wp-content\/uploads\/vue-face-homme-crie-parce-qu-il-mal-gorge-1536x1025.jpg 1536w, https:\/\/jocelyne-sephord.fr\/wp-content\/uploads\/vue-face-homme-crie-parce-qu-il-mal-gorge-2048x1366.jpg 2048w, https:\/\/jocelyne-sephord.fr\/wp-content\/uploads\/vue-face-homme-crie-parce-qu-il-mal-gorge-1200x801.jpg 1200w, https:\/\/jocelyne-sephord.fr\/wp-content\/uploads\/vue-face-homme-crie-parce-qu-il-mal-gorge-1980x1321.jpg 1980w\" sizes=\"auto, (max-width: 605px) 100vw, 605px\" \/><\/figure>\n<\/div>\n\n\n<blockquote class=\"wp-block-quote is-layout-flow wp-block-quote-is-layout-flow\">\n<p>Vous \u00eates enseignants, chanteurs, conf\u00e9renciers&#8230; La r\u00e9\u00e9ducation vous aide et vous guide si vous ressentez ce type de troubles :<\/p>\n\n\n\n<p><br>&#8211; Fatigue vocale, voix qui s&rsquo;\u00e9raille, gratte, impossible d&rsquo;acc\u00e9der aux aigus&#8230;<br>&#8211; Aphonies \u00e0 r\u00e9p\u00e9tition,<br>&#8211; Kystes, nodules, polypes\u2026<br>&#8211; Apr\u00e8s une intervention chirurgicale sur les cordes vocales.<\/p>\n\n\n\n<p><strong>Pour prendre soin de sa voix, la pr\u00e9parer, ou la r\u00e9parer si elle a \u00e9t\u00e9 malmen\u00e9e.<\/strong><\/p>\n<\/blockquote>\n\n\n\n<h6 class=\"wp-block-heading has-text-align-center\">Mon approche<\/h6>\n\n\n<div class=\"wp-block-image\">\n<figure class=\"aligncenter size-full is-resized\"><img loading=\"lazy\" decoding=\"async\" src=\"https:\/\/jocelyne-sephord.fr\/wp-content\/uploads\/2023\/03\/placement-de-la-voix.webp\" alt=\"\" class=\"wp-image-17\" width=\"585\" height=\"210\" srcset=\"https:\/\/jocelyne-sephord.fr\/wp-content\/uploads\/2023\/03\/placement-de-la-voix.webp 1024w, https:\/\/jocelyne-sephord.fr\/wp-content\/uploads\/2023\/03\/placement-de-la-voix-300x108.webp 300w, https:\/\/jocelyne-sephord.fr\/wp-content\/uploads\/2023\/03\/placement-de-la-voix-768x276.webp 768w\" sizes=\"auto, (max-width: 585px) 100vw, 585px\" \/><\/figure>\n<\/div>\n\n\n<blockquote class=\"wp-block-quote is-layout-flow wp-block-quote-is-layout-flow\">\n<p><strong>Du sur-mesure ludique.  <\/strong>Apr\u00e8s un bilan vocal s&rsquo;ensuit une s\u00e9rie de s\u00e9ances sp\u00e9cifiques \u00e0 la pathologie concern\u00e9e. J\u2019adapte les techniques de r\u00e9\u00e9ducation aux besoins de chaque patient avec des solutions personnalis\u00e9es. Dans ma panoplie : des explorations vocales efficaces et cr\u00e9atives pour pr\u00e9parer la voix, en r\u00e9v\u00e9ler les atouts et retrouver <strong>confiance <\/strong>en soi : techniques corporelles, de souffle (celle de la paille, entre autres), de r\u00e9sonance\u2026<\/p>\n\n\n\n<p>Ex&nbsp;: J&rsquo;ai eu l&rsquo;occasion d&rsquo;aider, apr\u00e8s une intervention chirurgicale sur les cordes vocales, une dompteuse de chiens, \u00e0 projeter la voix sans forcer. <\/p>\n<\/blockquote>\n\n\n\n<h6 class=\"wp-block-heading has-text-align-center\">L&rsquo;aide aux chanteurs<\/h6>\n\n\n<div class=\"wp-block-image\">\n<figure class=\"aligncenter size-full is-resized\"><img loading=\"lazy\" decoding=\"async\" src=\"https:\/\/jocelyne-sephord.fr\/wp-content\/uploads\/2023\/03\/singer-gaf0934dbe_640.jpg\" alt=\"\" class=\"wp-image-20\" width=\"574\" height=\"382\" srcset=\"https:\/\/jocelyne-sephord.fr\/wp-content\/uploads\/2023\/03\/singer-gaf0934dbe_640.jpg 640w, https:\/\/jocelyne-sephord.fr\/wp-content\/uploads\/2023\/03\/singer-gaf0934dbe_640-300x200.jpg 300w\" sizes=\"auto, (max-width: 574px) 100vw, 574px\" \/><\/figure>\n<\/div>\n\n\n<blockquote class=\"wp-block-quote is-layout-flow wp-block-quote-is-layout-flow\">\n<p>Chanteurs, si vous sentez que vous \u00eates all\u00e9s au-del\u00e0 de vos <strong>limites <\/strong>vocales, il est temps de pr\u00e9server la qualit\u00e9 et la <strong>sant\u00e9 <\/strong>de votre voix pour pouvoir continuer \u00e0 assurer vos concerts. Les r\u00e9\u00e9ducations vocales sont l\u00e0 pour cela : conseils, guide, <strong>techniques <\/strong>vocales qui tiennent compte des imp\u00e9ratifs de votre profession.<\/p>\n<\/blockquote>\n\n\n\n<h6 class=\"wp-block-heading has-text-align-center\"><strong>Influence des \u00e9motions sur la voix<\/strong> <\/h6>\n\n\n<div class=\"wp-block-image\">\n<figure class=\"aligncenter size-full is-resized\"><img loading=\"lazy\" decoding=\"async\" src=\"https:\/\/jocelyne-sephord.fr\/wp-content\/uploads\/2023\/03\/emotions.webp\" alt=\"\" class=\"wp-image-8\" width=\"592\" height=\"441\" srcset=\"https:\/\/jocelyne-sephord.fr\/wp-content\/uploads\/2023\/03\/emotions.webp 388w, https:\/\/jocelyne-sephord.fr\/wp-content\/uploads\/2023\/03\/emotions-300x224.webp 300w\" sizes=\"auto, (max-width: 592px) 100vw, 592px\" \/><\/figure>\n<\/div>\n\n\n<blockquote class=\"wp-block-quote is-layout-flow wp-block-quote-is-layout-flow\">\n<p>L\u2019\u00e9tat <strong>\u00e9motionnel <\/strong>a un impact significatif sur la voix. Une voix lib\u00e9r\u00e9e peut devenir un puissant outil pour r\u00e9v\u00e9ler cr\u00e9ativit\u00e9, personnalit\u00e9 et am\u00e9liorer confiance et estime de soi. Lib\u00e9rer la <strong>respiration <\/strong>et la voix peut conduire \u00e0 transformer des aspects importants de la vie personnelle et professionnelle.<\/p>\n<\/blockquote>\n\n\n\n<h6 class=\"wp-block-heading has-text-align-center\">Le bilan orthophonique<\/h6>\n\n\n<div class=\"wp-block-image\">\n<figure class=\"aligncenter size-large is-resized\"><img loading=\"lazy\" decoding=\"async\" src=\"https:\/\/jocelyne-sephord.fr\/wp-content\/uploads\/44373-1024x1024.jpg\" alt=\"\" class=\"wp-image-343\" width=\"607\" height=\"607\" srcset=\"https:\/\/jocelyne-sephord.fr\/wp-content\/uploads\/44373-1024x1024.jpg 1024w, https:\/\/jocelyne-sephord.fr\/wp-content\/uploads\/44373-300x300.jpg 300w, https:\/\/jocelyne-sephord.fr\/wp-content\/uploads\/44373-150x150.jpg 150w, https:\/\/jocelyne-sephord.fr\/wp-content\/uploads\/44373-768x768.jpg 768w, https:\/\/jocelyne-sephord.fr\/wp-content\/uploads\/44373-1536x1536.jpg 1536w, https:\/\/jocelyne-sephord.fr\/wp-content\/uploads\/44373-2048x2048.jpg 2048w, https:\/\/jocelyne-sephord.fr\/wp-content\/uploads\/44373-1200x1200.jpg 1200w, https:\/\/jocelyne-sephord.fr\/wp-content\/uploads\/44373-1980x1980.jpg 1980w\" sizes=\"auto, (max-width: 607px) 100vw, 607px\" \/><\/figure>\n<\/div>\n\n\n<blockquote class=\"wp-block-quote is-layout-flow wp-block-quote-is-layout-flow\">\n<p>Le bilan vocal sert \u00e0 mesurer les diff\u00e9rents param\u00e8tres de la voix (timbre, hauteur, intensit\u00e9&#8230;) et \u00e0 \u00e9tablir un <strong>programme <\/strong>de r\u00e9\u00e9ducation personnalis\u00e9. <\/p>\n<\/blockquote>\n\n\n\n<h6 class=\"wp-block-heading has-text-align-center\">Mes formations<\/h6>\n\n\n<div class=\"wp-block-image\">\n<figure class=\"aligncenter size-large is-resized\"><img loading=\"lazy\" decoding=\"async\" src=\"https:\/\/jocelyne-sephord.fr\/wp-content\/uploads\/pexels-andrea-piacquadio-3755707-1024x683.jpg\" alt=\"\" class=\"wp-image-306\" width=\"600\" height=\"401\" srcset=\"https:\/\/jocelyne-sephord.fr\/wp-content\/uploads\/pexels-andrea-piacquadio-3755707-1024x683.jpg 1024w, https:\/\/jocelyne-sephord.fr\/wp-content\/uploads\/pexels-andrea-piacquadio-3755707-300x200.jpg 300w, https:\/\/jocelyne-sephord.fr\/wp-content\/uploads\/pexels-andrea-piacquadio-3755707-768x512.jpg 768w, https:\/\/jocelyne-sephord.fr\/wp-content\/uploads\/pexels-andrea-piacquadio-3755707-1536x1024.jpg 1536w\" sizes=\"auto, (max-width: 600px) 100vw, 600px\" \/><\/figure>\n<\/div>\n\n\n<blockquote class=\"wp-block-quote is-layout-flow wp-block-quote-is-layout-flow\">\n<p>Parce que j\u2019ai toujours soif de d\u00e9couvrir et d\u2019apprendre, je continue \u00e0 enrichir mes connaissances. Voici les principales formations post-universitaires que j\u2019ai suivies&nbsp;:<\/p>\n\n\n\n<ul class=\"wp-block-list\">\n<li class=\"has-small-font-size\">La Voix chant\u00e9e, avec Carine Klein-Dallant et Co. : Techniques vocales et entretiens avec orthophonistes, phoniatres, chanteurs\u2026<\/li>\n\n\n\n<li class=\"has-small-font-size\">R\u00e9\u00e9ducation de la voix de l\u2019enfant avec Carine Klein-Dallant et Co. : Comment amener les enfants et adolescents \u00e0 prendre soin de leurs cordes vocales.<\/li>\n\n\n\n<li class=\"has-small-font-size\">Th\u00e9rapies manuelles pour le chant, avec Jean-Blaise Roch : Impact de la dynamique corporelle sur la voix.<\/li>\n\n\n\n<li class=\"has-small-font-size\">Estill 1, avec La Voix dynamique : Les diff\u00e9rentes options de contr\u00f4le des structures anatomiques de la voix qui influencent la qualit\u00e9 vocale parl\u00e9e et chant\u00e9e.<\/li>\n\n\n\n<li class=\"has-small-font-size\">Voix et Corps, avec B\u00e9atrice Richard.<\/li>\n\n\n\n<li class=\"has-small-font-size\">R\u00e9\u00e9duquer la voix en chansons, avec Joana Revis et St\u00e9phanie Perri\u00e8re.<\/li>\n\n\n\n<li class=\"has-small-font-size\">Chant, voix et corps, avec Emmanuelle Trinquesse.<\/li>\n\n\n\n<li class=\"has-small-font-size\">R\u00e9\u00e9ducation des dysphonies, avec Aur\u00e9lie Lassalle.<\/li>\n\n\n\n<li class=\"has-small-font-size\">Relaxation pneumo-phonique (RPP) avec Robert de Guardia : Technique manuelle aidant \u00e0 restaurer la respiration modifi\u00e9e par le stress&nbsp;; utilis\u00e9e pour les troubles vocaux et autres pathologies.<\/li>\n\n\n\n<li class=\"has-small-font-size\">R\u00e9\u00e9ducation linguale, avec Fr\u00e9d\u00e9ric Vanpoulle (kin\u00e9 maxillo-facial)<\/li>\n\n\n\n<li class=\"has-small-font-size\">R\u00e9\u00e9ducation linguale, avec Jean-Louis Brun, orthophoniste sp\u00e9cialis\u00e9.<\/li>\n<\/ul>\n<\/blockquote>\n\n\n\n<p><\/p>\n","protected":false},"excerpt":{"rendered":"<p>Jocelyne S\u00e9phord 83, All\u00e9e des \u00c9cureuils34 980 St Cl\u00e9ment de Rivi\u00e8re06 28 35 82 71 sephord@gmail.com \u00c0 propos de moi Orthophoniste dipl\u00f4m\u00e9e \u00e0 Montpellier depuis 2008.D\u00e9j\u00e0 avant d\u2019exercer ce m\u00e9tier, la voix me fascinait et j\u2019avais suivi 3 ans de formation de jazz vocal au JAM (\u00e9cole r\u00e9gionale de musique jazz et musiques actuelles de [&hellip;]<\/p>\n","protected":false},"author":1,"featured_media":0,"parent":0,"menu_order":0,"comment_status":"closed","ping_status":"closed","template":"","meta":{"footnotes":""},"class_list":["post-10","page","type-page","status-publish","hentry"],"yoast_head":"<!-- This site is optimized with the Yoast SEO plugin v27.4 - https:\/\/yoast.com\/product\/yoast-seo-wordpress\/ -->\n<title>La r\u00e9\u00e9ducation vocale - Jocelyne Sephord %<\/title>\n<meta name=\"description\" content=\"fatigue vocale dysphonies dysodies aphonies nodules polypes kystes cordectomie\" \/>\n<meta name=\"robots\" content=\"index, follow, max-snippet:-1, max-image-preview:large, max-video-preview:-1\" \/>\n<link rel=\"canonical\" href=\"https:\/\/jocelyne-sephord.fr\/\" \/>\n<meta property=\"og:locale\" content=\"fr_FR\" \/>\n<meta property=\"og:type\" content=\"article\" \/>\n<meta property=\"og:title\" content=\"La r\u00e9\u00e9ducation vocale - Jocelyne Sephord %\" \/>\n<meta property=\"og:description\" content=\"fatigue vocale dysphonies dysodies aphonies nodules polypes kystes cordectomie\" \/>\n<meta property=\"og:url\" content=\"https:\/\/jocelyne-sephord.fr\/\" \/>\n<meta property=\"og:site_name\" content=\"Jocelyne Sephord\" \/>\n<meta property=\"article:modified_time\" content=\"2023-04-24T17:21:09+00:00\" \/>\n<meta property=\"og:image\" content=\"https:\/\/jocelyne-sephord.fr\/wp-content\/uploads\/Jocelyne3.jpg\" \/>\n<meta name=\"twitter:card\" content=\"summary_large_image\" \/>\n<meta name=\"twitter:label1\" content=\"Dur\u00e9e de lecture estim\u00e9e\" \/>\n\t<meta name=\"twitter:data1\" content=\"5 minutes\" \/>\n<script type=\"application\/ld+json\" class=\"yoast-schema-graph\">{\"@context\":\"https:\\\/\\\/schema.org\",\"@graph\":[{\"@type\":\"WebPage\",\"@id\":\"https:\\\/\\\/jocelyne-sephord.fr\\\/\",\"url\":\"https:\\\/\\\/jocelyne-sephord.fr\\\/\",\"name\":\"La r\u00e9\u00e9ducation vocale - Jocelyne Sephord %\",\"isPartOf\":{\"@id\":\"https:\\\/\\\/jocelyne-sephord.fr\\\/#website\"},\"primaryImageOfPage\":{\"@id\":\"https:\\\/\\\/jocelyne-sephord.fr\\\/#primaryimage\"},\"image\":{\"@id\":\"https:\\\/\\\/jocelyne-sephord.fr\\\/#primaryimage\"},\"thumbnailUrl\":\"https:\\\/\\\/jocelyne-sephord.fr\\\/wp-content\\\/uploads\\\/Jocelyne3.jpg\",\"datePublished\":\"2023-03-28T19:10:18+00:00\",\"dateModified\":\"2023-04-24T17:21:09+00:00\",\"description\":\"fatigue vocale dysphonies dysodies aphonies nodules polypes kystes cordectomie\",\"breadcrumb\":{\"@id\":\"https:\\\/\\\/jocelyne-sephord.fr\\\/#breadcrumb\"},\"inLanguage\":\"fr-FR\",\"potentialAction\":[{\"@type\":\"ReadAction\",\"target\":[\"https:\\\/\\\/jocelyne-sephord.fr\\\/\"]}]},{\"@type\":\"ImageObject\",\"inLanguage\":\"fr-FR\",\"@id\":\"https:\\\/\\\/jocelyne-sephord.fr\\\/#primaryimage\",\"url\":\"https:\\\/\\\/jocelyne-sephord.fr\\\/wp-content\\\/uploads\\\/Jocelyne3.jpg\",\"contentUrl\":\"https:\\\/\\\/jocelyne-sephord.fr\\\/wp-content\\\/uploads\\\/Jocelyne3.jpg\",\"width\":1024,\"height\":574},{\"@type\":\"BreadcrumbList\",\"@id\":\"https:\\\/\\\/jocelyne-sephord.fr\\\/#breadcrumb\",\"itemListElement\":[{\"@type\":\"ListItem\",\"position\":1,\"name\":\"Accueil\",\"item\":\"https:\\\/\\\/jocelyne-sephord.fr\\\/\"},{\"@type\":\"ListItem\",\"position\":2,\"name\":\"La r\u00e9\u00e9ducation vocale\"}]},{\"@type\":\"WebSite\",\"@id\":\"https:\\\/\\\/jocelyne-sephord.fr\\\/#website\",\"url\":\"https:\\\/\\\/jocelyne-sephord.fr\\\/\",\"name\":\"Jocelyne Sephord\",\"description\":\"Orthophoniste - R\u00e9\u00e9ducations vocales\",\"publisher\":{\"@id\":\"https:\\\/\\\/jocelyne-sephord.fr\\\/#\\\/schema\\\/person\\\/309046c37e949e522d4d5f3cb9b12ef3\"},\"potentialAction\":[{\"@type\":\"SearchAction\",\"target\":{\"@type\":\"EntryPoint\",\"urlTemplate\":\"https:\\\/\\\/jocelyne-sephord.fr\\\/?s={search_term_string}\"},\"query-input\":{\"@type\":\"PropertyValueSpecification\",\"valueRequired\":true,\"valueName\":\"search_term_string\"}}],\"inLanguage\":\"fr-FR\"},{\"@type\":[\"Person\",\"Organization\"],\"@id\":\"https:\\\/\\\/jocelyne-sephord.fr\\\/#\\\/schema\\\/person\\\/309046c37e949e522d4d5f3cb9b12ef3\",\"name\":\"Jocelyne\",\"image\":{\"@type\":\"ImageObject\",\"inLanguage\":\"fr-FR\",\"@id\":\"https:\\\/\\\/jocelyne-sephord.fr\\\/wp-content\\\/uploads\\\/2023\\\/03\\\/placement-de-la-voix.webp\",\"url\":\"https:\\\/\\\/jocelyne-sephord.fr\\\/wp-content\\\/uploads\\\/2023\\\/03\\\/placement-de-la-voix.webp\",\"contentUrl\":\"https:\\\/\\\/jocelyne-sephord.fr\\\/wp-content\\\/uploads\\\/2023\\\/03\\\/placement-de-la-voix.webp\",\"width\":1024,\"height\":368,\"caption\":\"Jocelyne\"},\"logo\":{\"@id\":\"https:\\\/\\\/jocelyne-sephord.fr\\\/wp-content\\\/uploads\\\/2023\\\/03\\\/placement-de-la-voix.webp\"},\"description\":\"Orthophoniste dipl\u00f4m\u00e9e \u00e0 Montpellier depuis 2008. Avant m\u00eame d\u2019exercer ce m\u00e9tier, la voix m\u2019int\u00e9ressait d\u00e9j\u00e0, et j\u2019ai suivi 3 ans de cours de jazz vocal au JAM et pris, ensuite, des cours particuliers de chant. je\u00a0m\u2019occupe donc essentiellement de r\u00e9\u00e9ducations vocales (dysphonies, dysodies). Elles sont destin\u00e9es \u00e0 aider toute personne - souvent enseignants, chanteurs, conf\u00e9renciers\u2026 - constatant, par exemple, un trouble\u00a0vocal ce type : fatigue vocale, aphonies \u00e0 r\u00e9p\u00e9tition, kystes, nodules, polypes, vergetures\u2026 ou aussi pour retrouver une voix apr\u00e8s un cancer des cordes vocales\u00a0: cordectomie\u2026\",\"sameAs\":[\"https:\\\/\\\/jocelyne-sephord.fr\"]}]}<\/script>\n<!-- \/ Yoast SEO plugin. -->","yoast_head_json":{"title":"La r\u00e9\u00e9ducation vocale - Jocelyne Sephord %","description":"fatigue vocale dysphonies dysodies aphonies nodules polypes kystes cordectomie","robots":{"index":"index","follow":"follow","max-snippet":"max-snippet:-1","max-image-preview":"max-image-preview:large","max-video-preview":"max-video-preview:-1"},"canonical":"https:\/\/jocelyne-sephord.fr\/","og_locale":"fr_FR","og_type":"article","og_title":"La r\u00e9\u00e9ducation vocale - Jocelyne Sephord %","og_description":"fatigue vocale dysphonies dysodies aphonies nodules polypes kystes cordectomie","og_url":"https:\/\/jocelyne-sephord.fr\/","og_site_name":"Jocelyne Sephord","article_modified_time":"2023-04-24T17:21:09+00:00","og_image":[{"url":"https:\/\/jocelyne-sephord.fr\/wp-content\/uploads\/Jocelyne3.jpg","type":"","width":"","height":""}],"twitter_card":"summary_large_image","twitter_misc":{"Dur\u00e9e de lecture estim\u00e9e":"5 minutes"},"schema":{"@context":"https:\/\/schema.org","@graph":[{"@type":"WebPage","@id":"https:\/\/jocelyne-sephord.fr\/","url":"https:\/\/jocelyne-sephord.fr\/","name":"La r\u00e9\u00e9ducation vocale - Jocelyne Sephord %","isPartOf":{"@id":"https:\/\/jocelyne-sephord.fr\/#website"},"primaryImageOfPage":{"@id":"https:\/\/jocelyne-sephord.fr\/#primaryimage"},"image":{"@id":"https:\/\/jocelyne-sephord.fr\/#primaryimage"},"thumbnailUrl":"https:\/\/jocelyne-sephord.fr\/wp-content\/uploads\/Jocelyne3.jpg","datePublished":"2023-03-28T19:10:18+00:00","dateModified":"2023-04-24T17:21:09+00:00","description":"fatigue vocale dysphonies dysodies aphonies nodules polypes kystes cordectomie","breadcrumb":{"@id":"https:\/\/jocelyne-sephord.fr\/#breadcrumb"},"inLanguage":"fr-FR","potentialAction":[{"@type":"ReadAction","target":["https:\/\/jocelyne-sephord.fr\/"]}]},{"@type":"ImageObject","inLanguage":"fr-FR","@id":"https:\/\/jocelyne-sephord.fr\/#primaryimage","url":"https:\/\/jocelyne-sephord.fr\/wp-content\/uploads\/Jocelyne3.jpg","contentUrl":"https:\/\/jocelyne-sephord.fr\/wp-content\/uploads\/Jocelyne3.jpg","width":1024,"height":574},{"@type":"BreadcrumbList","@id":"https:\/\/jocelyne-sephord.fr\/#breadcrumb","itemListElement":[{"@type":"ListItem","position":1,"name":"Accueil","item":"https:\/\/jocelyne-sephord.fr\/"},{"@type":"ListItem","position":2,"name":"La r\u00e9\u00e9ducation vocale"}]},{"@type":"WebSite","@id":"https:\/\/jocelyne-sephord.fr\/#website","url":"https:\/\/jocelyne-sephord.fr\/","name":"Jocelyne Sephord","description":"Orthophoniste - R\u00e9\u00e9ducations vocales","publisher":{"@id":"https:\/\/jocelyne-sephord.fr\/#\/schema\/person\/309046c37e949e522d4d5f3cb9b12ef3"},"potentialAction":[{"@type":"SearchAction","target":{"@type":"EntryPoint","urlTemplate":"https:\/\/jocelyne-sephord.fr\/?s={search_term_string}"},"query-input":{"@type":"PropertyValueSpecification","valueRequired":true,"valueName":"search_term_string"}}],"inLanguage":"fr-FR"},{"@type":["Person","Organization"],"@id":"https:\/\/jocelyne-sephord.fr\/#\/schema\/person\/309046c37e949e522d4d5f3cb9b12ef3","name":"Jocelyne","image":{"@type":"ImageObject","inLanguage":"fr-FR","@id":"https:\/\/jocelyne-sephord.fr\/wp-content\/uploads\/2023\/03\/placement-de-la-voix.webp","url":"https:\/\/jocelyne-sephord.fr\/wp-content\/uploads\/2023\/03\/placement-de-la-voix.webp","contentUrl":"https:\/\/jocelyne-sephord.fr\/wp-content\/uploads\/2023\/03\/placement-de-la-voix.webp","width":1024,"height":368,"caption":"Jocelyne"},"logo":{"@id":"https:\/\/jocelyne-sephord.fr\/wp-content\/uploads\/2023\/03\/placement-de-la-voix.webp"},"description":"Orthophoniste dipl\u00f4m\u00e9e \u00e0 Montpellier depuis 2008. Avant m\u00eame d\u2019exercer ce m\u00e9tier, la voix m\u2019int\u00e9ressait d\u00e9j\u00e0, et j\u2019ai suivi 3 ans de cours de jazz vocal au JAM et pris, ensuite, des cours particuliers de chant. je\u00a0m\u2019occupe donc essentiellement de r\u00e9\u00e9ducations vocales (dysphonies, dysodies). Elles sont destin\u00e9es \u00e0 aider toute personne - souvent enseignants, chanteurs, conf\u00e9renciers\u2026 - constatant, par exemple, un trouble\u00a0vocal ce type : fatigue vocale, aphonies \u00e0 r\u00e9p\u00e9tition, kystes, nodules, polypes, vergetures\u2026 ou aussi pour retrouver une voix apr\u00e8s un cancer des cordes vocales\u00a0: cordectomie\u2026","sameAs":["https:\/\/jocelyne-sephord.fr"]}]}},"_links":{"self":[{"href":"https:\/\/jocelyne-sephord.fr\/index.php\/wp-json\/wp\/v2\/pages\/10","targetHints":{"allow":["GET"]}}],"collection":[{"href":"https:\/\/jocelyne-sephord.fr\/index.php\/wp-json\/wp\/v2\/pages"}],"about":[{"href":"https:\/\/jocelyne-sephord.fr\/index.php\/wp-json\/wp\/v2\/types\/page"}],"author":[{"embeddable":true,"href":"https:\/\/jocelyne-sephord.fr\/index.php\/wp-json\/wp\/v2\/users\/1"}],"replies":[{"embeddable":true,"href":"https:\/\/jocelyne-sephord.fr\/index.php\/wp-json\/wp\/v2\/comments?post=10"}],"version-history":[{"count":181,"href":"https:\/\/jocelyne-sephord.fr\/index.php\/wp-json\/wp\/v2\/pages\/10\/revisions"}],"predecessor-version":[{"id":446,"href":"https:\/\/jocelyne-sephord.fr\/index.php\/wp-json\/wp\/v2\/pages\/10\/revisions\/446"}],"wp:attachment":[{"href":"https:\/\/jocelyne-sephord.fr\/index.php\/wp-json\/wp\/v2\/media?parent=10"}],"curies":[{"name":"wp","href":"https:\/\/api.w.org\/{rel}","templated":true}]}}